{"id":3,"date":"2021-12-21T10:05:49","date_gmt":"2021-12-21T10:05:49","guid":{"rendered":"https:\/\/apply-marine.ru\/form\/?page_id=3"},"modified":"2024-10-23T15:52:26","modified_gmt":"2024-10-23T12:52:26","slug":"privacy-policy","status":"publish","type":"page","link":"https:\/\/apply-marine.ru\/es\/privacy-policy\/","title":{"rendered":"Pol\u00edtica de LLC &quot;APPLAY-MARINE&quot; sobre el procesamiento de datos personales"},"content":{"rendered":"<p>1. Este documento fue desarrollado de conformidad con la Ley Federal del 27 de julio de 2006 No. 152-FZ &quot;Sobre Datos Personales&quot; y define la pol\u00edtica de Apply-Marin LLC con respecto al procesamiento de datos personales proporcionados a Apply-Marin LLC por los sujetos. de datos personales con el fin de proporcionar servicios de empleo a ciudadanos de la Federaci\u00f3n de Rusia fuera del territorio de la Federaci\u00f3n de Rusia. Al mismo tiempo, la Pol\u00edtica de Apply-Marine LLC con respecto al procesamiento de datos personales se aplica a todas las acciones relacionadas con el procesamiento de datos personales en el sitio web https:\/\/apply-marine.ru (en adelante, el Sitio) ubicado en la red de informaci\u00f3n de Internet.<\/p>\n\n\n\n<p>2. El prop\u00f3sito del procesamiento de datos personales es ejercer los poderes de Apply-Marin LLC para organizar la prestaci\u00f3n de servicios de empleo para ciudadanos de la Federaci\u00f3n de Rusia fuera del territorio de la Federaci\u00f3n de Rusia, y otros fines relacionados con la implementaci\u00f3n de las actividades de Aplicar-Marine LLC.<\/p>\n\n\n\n<p>3. La base legal para el procesamiento de datos personales son los contratos celebrados entre el operador y el sujeto de los datos personales, el consentimiento para el procesamiento de datos personales, el cumplimiento de los requisitos de la Ley Federal del 27 de julio de 2006 No. 152-FZ. \u201cSobre Datos Personales\u201d, as\u00ed como otros actos jur\u00eddicos que regulen las relaciones relacionadas con las actividades del operador.<\/p>\n\n\n\n<p>4. El contenido y el volumen de los datos personales tratados deben corresponder a los fines de tratamiento declarados.<br>Lista de datos personales procesados, incl. Los datos personales biom\u00e9tricos pueden contener los siguientes datos personales:<br>- apellido, nombre, patron\u00edmico (incluidos los anteriores), fecha y lugar de nacimiento;<br>\u2014 datos del pasaporte o datos de otro documento que identifique al sujeto de los datos personales;<br>\u2014 direcci\u00f3n de residencia (seg\u00fan pasaporte y real) y fecha de registro en el lugar de residencia o lugar de estancia;<br>\u2014 informaci\u00f3n sobre la composici\u00f3n familiar;<br>\u2014 datos del pasaporte de los padres (representantes legales) del sujeto de los datos personales;<br>\u2014 informaci\u00f3n sobre la educaci\u00f3n (serie, n\u00famero, fecha de expedici\u00f3n del diploma, certificado, certificado u otro documento de graduaci\u00f3n de una instituci\u00f3n educativa, nombre y ubicaci\u00f3n de la instituci\u00f3n educativa, fecha de inicio y finalizaci\u00f3n de la formaci\u00f3n y otra informaci\u00f3n);<br>\u2014 informaci\u00f3n de las p\u00f3lizas de seguro m\u00e9dico obligatorio (voluntario);<br>\u2014 informaci\u00f3n sobre el estado de salud;<br>\u2014 otra informaci\u00f3n que contenga datos personales necesarios para la prestaci\u00f3n de servicios de empleo;<br>- otra informaci\u00f3n que, teniendo en cuenta las caracter\u00edsticas espec\u00edficas del trabajo y de conformidad con la legislaci\u00f3n de la Federaci\u00f3n de Rusia, debe ser presentada por el sujeto de los datos personales al celebrar un contrato de trabajo o durante su per\u00edodo de validez.<\/p>\n\n\n\n<p>5. Los sujetos de los datos personales procesados por Apply-Marin LLC son los empleados de Apply-Marin LLC, los usuarios del Sitio, los ciudadanos de la Federaci\u00f3n de Rusia, sus representantes legales, los representantes legales de los empleadores\/armadores, los compradores\/clientes y los destinatarios de bienes. \/servicios (si el comprador\/cliente ha indicado a otra persona como destinatario de los bienes\/servicios); cualquier otra persona que se comunique con Apply-Marin LLC con solicitudes\/apelaciones.<\/p>\n\n\n\n<p>6. Conceptos b\u00e1sicos utilizados en la Pol\u00edtica:<br>\u2022 datos personales: cualquier informaci\u00f3n relacionada con un individuo identificado o identificable directa o indirectamente (sujeto de datos personales);<br>\u2022 operador de datos personales (operador) \u2013 Apply-Marin LLC, de forma independiente o junto con otras personas, organiza y (o) lleva a cabo el procesamiento de datos personales, as\u00ed como tambi\u00e9n determina los prop\u00f3sitos del procesamiento de datos personales, la composici\u00f3n de los datos personales para ser procesados, acciones (operaciones), realizadas con datos personales;<br>\u2022 procesamiento de datos personales \u2013 cualquier acci\u00f3n (operaci\u00f3n) o conjunto de acciones (operaciones) con datos personales realizadas utilizando herramientas de automatizaci\u00f3n o sin su uso. El procesamiento de datos personales incluye, pero no se limita a: recolecci\u00f3n, registro, sistematizaci\u00f3n, acumulaci\u00f3n, almacenamiento, aclaraci\u00f3n (actualizaci\u00f3n, modificaci\u00f3n), extracci\u00f3n, uso, transferencia (distribuci\u00f3n, provisi\u00f3n, acceso), despersonalizaci\u00f3n, bloqueo, eliminaci\u00f3n, destrucci\u00f3n. .<br>\u2022 procesamiento automatizado de datos personales \u2013 procesamiento de datos personales utilizando tecnolog\u00eda inform\u00e1tica;<br>\u2022 difusi\u00f3n de datos personales \u2013 acciones destinadas a revelar datos personales a un n\u00famero indefinido de personas;<br>\u2022 suministro de datos personales \u2013 acciones destinadas a revelar datos personales a una determinada persona o a un determinado c\u00edrculo de personas;<br>\u2022 bloqueo de datos personales \u2013 cese temporal del procesamiento de datos personales (excepto en los casos en que el procesamiento sea necesario para aclarar los datos personales);<br>\u2022 destrucci\u00f3n de datos personales \u2013 acciones como resultado de las cuales resulta imposible restaurar el contenido de los datos personales en el sistema de informaci\u00f3n de datos personales y (o) como resultado de las cuales se destruyen los soportes materiales de los datos personales;<br>\u2022 despersonalizaci\u00f3n de datos personales \u2013 acciones como resultado de las cuales resulta imposible, sin el uso de informaci\u00f3n adicional, determinar la propiedad de los datos personales a un sujeto espec\u00edfico de datos personales;<br>\u2022 sistema de informaci\u00f3n de datos personales \u2013 conjunto de datos personales contenidos en bases de datos y tecnolog\u00edas de la informaci\u00f3n y medios t\u00e9cnicos que garantizan su procesamiento;<br>\u2022 transferencia transfronteriza de datos personales: transferencia de datos personales al territorio de un estado extranjero a una autoridad de un estado extranjero, una persona f\u00edsica extranjera o una entidad jur\u00eddica extranjera.<br>Seguridad de los datos personales significa la protecci\u00f3n de los datos personales contra el acceso ilegal y\/o no autorizado a ellos, su destrucci\u00f3n, modificaci\u00f3n, bloqueo, copia, suministro, distribuci\u00f3n de datos personales, as\u00ed como contra otras acciones ilegales en relaci\u00f3n con los datos personales.<\/p>\n\n\n\n<p>7. El procesamiento de datos personales se lleva a cabo \u00fanicamente con el consentimiento del sujeto de los datos personales, expresado en cualquier forma que permita confirmar el hecho de obtener el consentimiento, incluso en la forma prevista en el Sitio especificado en la cl\u00e1usula 1 de esta Pol\u00edtica.<\/p>\n\n\n\n<p>8. Al procesar datos personales, Apply-Marin LLC se adhiere a los siguientes principios: el procesamiento de datos personales se lleva a cabo sobre una base legal; los datos personales no se divulgan a terceros ni se distribuyen sin el consentimiento del titular de los datos personales, excepto en los casos previstos por la legislaci\u00f3n de la Federaci\u00f3n de Rusia; determinaci\u00f3n de fines leg\u00edtimos espec\u00edficos antes de que comience el procesamiento (incluida la recopilaci\u00f3n) de datos personales; no est\u00e1 permitida la combinaci\u00f3n de bases de datos, incluidas bases de datos que contienen datos personales, cuyo procesamiento se realiza con fines incompatibles entre s\u00ed; el procesamiento de datos personales se limita a la consecuci\u00f3n de fines espec\u00edficos, predefinidos y leg\u00edtimos; los datos personales procesados est\u00e1n sujetos a destrucci\u00f3n o despersonalizaci\u00f3n al retirar el consentimiento para su procesamiento por parte del sujeto de los datos personales, al lograr los objetivos del procesamiento o en caso de p\u00e9rdida de la necesidad de lograr estos objetivos, a menos que la ley federal disponga lo contrario; el contenido y el volumen de los datos personales procesados corresponden a los fines de procesamiento indicados.<\/p>\n\n\n\n<p>9. Los datos personales procesados no son redundantes en relaci\u00f3n con los fines de procesamiento indicados; Al procesar datos personales, se garantiza la exactitud de los datos personales y su suficiencia y, cuando sea necesario, la relevancia de los datos personales en relaci\u00f3n con los fines declarados de su procesamiento.<\/p>\n\n\n\n<p>10. Apply-Marine LLC tiene derecho a transferir datos personales a terceros con el consentimiento del titular de los datos personales, as\u00ed como en los casos en que la posibilidad de transferir datos personales a terceros est\u00e9 directamente prevista por la legislaci\u00f3n del Federaci\u00f3n de Rusia y no requiere el consentimiento del titular de los datos personales.<\/p>\n\n\n\n<p>11. El sujeto de datos personales, cuyos datos personales son procesados por Apply-Marin LLC, tiene derecho: en cualquier momento a cambiar (actualizar, complementar) los datos personales proporcionados por \u00e9l iniciando sesi\u00f3n en su Cuenta personal en los casos en que la funcionalidad del Sitio permite que esto se haga; eliminar los datos personales que le han proporcionado enviando a Apply-Marin LLC una notificaci\u00f3n por escrito indicando los datos personales que deben eliminarse; recibir de Apply-Marine LLC: confirmaci\u00f3n del hecho del procesamiento de datos personales e informaci\u00f3n sobre la disponibilidad de datos personales relacionados con el tema de datos personales correspondiente; informaci\u00f3n sobre los fundamentos legales y los fines del procesamiento de datos personales; informaci\u00f3n sobre los m\u00e9todos de procesamiento de datos personales utilizados por Apply-Marine LLC; informaci\u00f3n sobre el nombre y la ubicaci\u00f3n de Apply-Marine LLC; informaci\u00f3n sobre personas (excepto empleados de Apply-Marin LLC) que tienen acceso a datos personales o a quienes se les pueden divulgar datos personales sobre la base de un acuerdo con Apply-Marin LLC o de acuerdo con la legislaci\u00f3n de la Federaci\u00f3n de Rusia; informaci\u00f3n sobre las condiciones de procesamiento de datos personales, incluidos los per\u00edodos de almacenamiento; informaci\u00f3n sobre el procedimiento para el ejercicio por parte del interesado de los derechos previstos por la legislaci\u00f3n en materia de datos personales; otra informaci\u00f3n prevista por la Ley; exigir la eliminaci\u00f3n de acciones il\u00edcitas de Apply-Marin LLC en relaci\u00f3n con sus datos personales; retire su consentimiento para el procesamiento de datos personales en cualquier momento enviando un mensaje electr\u00f3nico con firma electr\u00f3nica a la direcci\u00f3n de correo electr\u00f3nico: main@apply-marine.ru o enviando una notificaci\u00f3n por escrito a la direcci\u00f3n: 353905, Territorio de Krasnodar, Novorossiysk, calle. Engelsa, 74\/84. Despu\u00e9s de recibir dicho mensaje, se detendr\u00e1 el procesamiento de los datos personales del interesado y se eliminar\u00e1n sus datos personales, excepto en los casos en que el procesamiento pueda continuar de conformidad con la legislaci\u00f3n de la Federaci\u00f3n de Rusia. Al mismo tiempo, el env\u00edo de dicho mensaje sobre la retirada del consentimiento por parte del titular de los datos personales tambi\u00e9n debe considerarse una notificaci\u00f3n de negativa unilateral a ejecutar la orden correspondiente y conlleva la imposibilidad de su ejecuci\u00f3n.<\/p>\n\n\n\n<p>12. De acuerdo con los requisitos de la legislaci\u00f3n de la Federaci\u00f3n de Rusia, Apply-Marin LLC est\u00e1 obligada a: proporcionar al sujeto de datos personales, cuando lo solicite, informaci\u00f3n sobre el procesamiento de sus datos personales, o proporcionar legalmente una negativa dentro de treinta d\u00edas a partir de la fecha de recepci\u00f3n de la solicitud del titular de los datos personales o de su representante; a solicitud del titular de los datos personales, aclarar, bloquear o eliminar los datos personales procesados si los datos personales est\u00e1n incompletos, desactualizados, inexactos, obtenidos ilegalmente o no son necesarios para el prop\u00f3sito declarado del procesamiento dentro de un per\u00edodo no superior a siete d\u00edas h\u00e1biles a partir de la fecha en que el interesado o su representante proporcion\u00f3 los datos personales de la informaci\u00f3n que confirma estos hechos; en caso de que el sujeto de los datos personales retire su consentimiento para el procesamiento de sus datos personales, dejar\u00e1 de procesar los datos personales y destruir\u00e1 los datos personales en un plazo no superior a treinta d\u00edas a partir de la fecha de recepci\u00f3n de dicha revocaci\u00f3n, a menos que el acuerdo disponga lo contrario. entre Apply-Marin LLC y el sujeto de los datos personales. Apply-Marine LLC est\u00e1 obligada a notificar al interesado sobre la destrucci\u00f3n de datos personales; desempe\u00f1ar otras funciones previstas por la Ley Federal N \u00b0 152-FZ de 27 de julio de 2006 y los actos jur\u00eddicos reglamentarios adoptados de conformidad con la misma.<\/p>\n\n\n\n<p>13. Al procesar datos personales, Apply-Marine LLC toma las medidas legales, organizativas y t\u00e9cnicas necesarias para proteger los datos personales del acceso ilegal y (o) no autorizado a ellos, destrucci\u00f3n, modificaci\u00f3n, bloqueo, copia, suministro, distribuci\u00f3n de datos personales. y tambi\u00e9n de otras actuaciones il\u00edcitas en relaci\u00f3n con datos personales. Al mismo tiempo, garantizar la seguridad de los datos personales se logra mediante la aplicaci\u00f3n de las medidas previstas en el art. 19 de la Ley Federal de 27 de julio de 2006 No. 152-FZ \u201cSobre Datos Personales\u201d.<\/p>\n\n\n\n<p>14. Los interesados cuyos datos personales son procesados por Apply-Marin LLC pueden recibir aclaraciones sobre el procesamiento de sus datos personales comunic\u00e1ndose personalmente con Apply-Marin LLC o enviando la correspondiente solicitud por escrito a la direcci\u00f3n de correo electr\u00f3nico: main@apply-marine. ru o enviando una solicitud por escrito a la direcci\u00f3n: 353905, regi\u00f3n de Krasnodar, Novorossiysk, st. Engelsa, 74\/84.<\/p>\n\n\n\n<p>15. Los empleados de Apply-Marin LLC, que, en relaci\u00f3n con el desempe\u00f1o de sus funciones oficiales, tuvieron conocimiento de los datos personales de los sujetos de los datos personales, son advertidos de una posible responsabilidad disciplinaria, administrativa, civil o penal en caso de infracci\u00f3n. de las exigencias de la legislaci\u00f3n vigente que regula las normas de tratamiento y protecci\u00f3n de datos personales.<\/p>\n\n\n\n<p>16. Apply-Marin LLC puede realizar cambios peri\u00f3dicamente a esta Pol\u00edtica, incluso para reflejar cambios en el alcance de los servicios proporcionados por Apply-Marin LLC o cambios en la funcionalidad del Sitio, as\u00ed como cambios en la legislaci\u00f3n. La nueva versi\u00f3n de las disposiciones anteriores de la Pol\u00edtica entra en vigor desde el momento en que es aprobada por orden del Director General de Apply-Marine LLC, a menos que especifique una fecha diferente para su entrada en vigor.<\/p>","protected":false},"excerpt":{"rendered":"<p>1. \u041d\u0430\u0441\u0442\u043e\u044f\u0449\u0438\u0439 \u0434\u043e\u043a\u0443\u043c\u0435\u043d\u0442 \u0440\u0430\u0437\u0440\u0430\u0431\u043e\u0442\u0430\u043d \u0432 \u0441\u043e\u043e\u0442\u0432\u0435\u0442\u0441\u0442\u0432\u0438\u0438 \u0441 \u0424\u0435\u0434\u0435\u0440\u0430\u043b\u044c\u043d\u044b\u043c \u0437\u0430\u043a\u043e\u043d\u043e\u043c \u043e\u0442 27.07.2006 \u2116 152-\u0424\u0417 \u00ab\u041e \u043f\u0435\u0440\u0441\u043e\u043d\u0430\u043b\u044c\u043d\u044b\u0445 \u0434\u0430\u043d\u043d\u044b\u0445\u00bb \u0438 \u043e\u043f\u0440\u0435\u0434\u0435\u043b\u044f\u0435\u0442 \u043f\u043e\u043b\u0438\u0442\u0438\u043a\u0443 \u041e\u041e\u041e \u00ab\u0410\u043f\u043f\u043b\u0430\u0439-\u041c\u0430\u0440\u0438\u043d\u00bb \u0432 \u043e\u0442\u043d\u043e\u0448\u0435\u043d\u0438\u0438 \u043e\u0431\u0440\u0430\u0431\u043e\u0442\u043a\u0438 \u043f\u0435\u0440\u0441\u043e\u043d\u0430\u043b\u044c\u043d\u044b\u0445 \u0434\u0430\u043d\u043d\u044b\u0445, \u043a\u043e\u0442\u043e\u0440\u044b\u0435 \u043f\u0440\u0435\u0434\u043e\u0441\u0442\u0430\u0432\u043b\u044f\u044e\u0442\u0441\u044f \u041e\u041e\u041e \u00ab\u0410\u043f\u043f\u043b\u0430\u0439-\u041c\u0430\u0440\u0438\u043d\u00bb \u0441\u0443\u0431\u044a\u0435\u043a\u0442\u0430\u043c\u0438 \u043f\u0435\u0440\u0441\u043e\u043d\u0430\u043b\u044c\u043d\u044b\u0445 \u0434\u0430\u043d\u043d\u044b\u0445 \u0441 \u0446\u0435\u043b\u044c\u044e \u043e\u043a\u0430\u0437\u0430\u043d\u0438\u044f \u0443\u0441\u043b\u0443\u0433 \u043f\u043e \u0442\u0440\u0443\u0434\u043e\u0443\u0441\u0442\u0440\u043e\u0439\u0441\u0442\u0432\u0443 \u0433\u0440\u0430\u0436\u0434\u0430\u043d \u0420\u043e\u0441\u0441\u0438\u0439\u0441\u043a\u043e\u0439 \u0424\u0435\u0434\u0435\u0440\u0430\u0446\u0438\u0438 \u0437\u0430 \u043f\u0440\u0435\u0434\u0435\u043b\u0430\u043c\u0438 \u0442\u0435\u0440\u0440\u0438\u0442\u043e\u0440\u0438\u0438 \u0420\u043e\u0441\u0441\u0438\u0439\u0441\u043a\u043e\u0439 \u0424\u0435\u0434\u0435\u0440\u0430\u0446\u0438\u0438. \u041f\u0440\u0438 \u044d\u0442\u043e\u043c, \u041f\u043e\u043b\u0438\u0442\u0438\u043a\u0430 \u041e\u041e\u041e \u00ab\u0410\u043f\u043f\u043b\u0430\u0439-\u041c\u0430\u0440\u0438\u043d\u00bb \u0432 \u043e\u0442\u043d\u043e\u0448\u0435\u043d\u0438\u0438 \u043e\u0431\u0440\u0430\u0431\u043e\u0442\u043a\u0438 [&hellip;]<\/p>","protected":false},"author":1,"featured_media":0,"parent":0,"menu_order":0,"comment_status":"closed","ping_status":"open","template":"","meta":{"footnotes":""},"class_list":["post-3","page","type-page","status-publish","hentry"],"acf":[],"_links":{"self":[{"href":"https:\/\/apply-marine.ru\/es\/wp-json\/wp\/v2\/pages\/3","targetHints":{"allow":["GET"]}}],"collection":[{"href":"https:\/\/apply-marine.ru\/es\/wp-json\/wp\/v2\/pages"}],"about":[{"href":"https:\/\/apply-marine.ru\/es\/wp-json\/wp\/v2\/types\/page"}],"author":[{"embeddable":true,"href":"https:\/\/apply-marine.ru\/es\/wp-json\/wp\/v2\/users\/1"}],"replies":[{"embeddable":true,"href":"https:\/\/apply-marine.ru\/es\/wp-json\/wp\/v2\/comments?post=3"}],"version-history":[{"count":1,"href":"https:\/\/apply-marine.ru\/es\/wp-json\/wp\/v2\/pages\/3\/revisions"}],"predecessor-version":[{"id":2694,"href":"https:\/\/apply-marine.ru\/es\/wp-json\/wp\/v2\/pages\/3\/revisions\/2694"}],"wp:attachment":[{"href":"https:\/\/apply-marine.ru\/es\/wp-json\/wp\/v2\/media?parent=3"}],"curies":[{"name":"wp","href":"https:\/\/api.w.org\/{rel}","templated":true}]}}