{"id":2630,"date":"2024-10-22T17:26:58","date_gmt":"2024-10-22T14:26:58","guid":{"rendered":"https:\/\/apply-marine.ru\/lk\/?page_id=2630"},"modified":"2024-10-22T17:28:52","modified_gmt":"2024-10-22T14:28:52","slug":"uslugi-dlja-kompanij","status":"publish","type":"page","link":"https:\/\/apply-marine.ru\/es\/uslugi-dlja-kompanij\/","title":{"rendered":"Servicios para empresas"},"content":{"rendered":"<div data-elementor-type=\"wp-page\" data-elementor-id=\"2630\" class=\"elementor elementor-2630\" data-elementor-post-type=\"page\">\n\t\t\t\t<div class=\"elementor-element elementor-element-38c1fa7 e-flex e-con-boxed e-con e-parent\" data-id=\"38c1fa7\" data-element_type=\"container\">\n\t\t\t\t\t<div class=\"e-con-inner\">\n\t\t\t\t<div class=\"elementor-element elementor-element-7efa9d0 elementor-grid-3 elementor-grid-tablet-2 elementor-grid-mobile-1 elementor-widget elementor-widget-loop-grid\" data-id=\"7efa9d0\" data-element_type=\"widget\" data-settings=\"{&quot;template_id&quot;:&quot;1558&quot;,&quot;_skin&quot;:&quot;post&quot;,&quot;columns&quot;:&quot;3&quot;,&quot;columns_tablet&quot;:&quot;2&quot;,&quot;columns_mobile&quot;:&quot;1&quot;,&quot;edit_handle_selector&quot;:&quot;[data-elementor-type=\\&quot;loop-item\\&quot;]&quot;,&quot;row_gap&quot;:{&quot;unit&quot;:&quot;px&quot;,&quot;size&quot;:&quot;&quot;,&quot;sizes&quot;:[]},&quot;row_gap_tablet&quot;:{&quot;unit&quot;:&quot;px&quot;,&quot;size&quot;:&quot;&quot;,&quot;sizes&quot;:[]},&quot;row_gap_mobile&quot;:{&quot;unit&quot;:&quot;px&quot;,&quot;size&quot;:&quot;&quot;,&quot;sizes&quot;:[]}}\" data-widget_type=\"loop-grid.post\">\n\t\t\t\t<div class=\"elementor-widget-container\">\n\t\t\t<link rel=\"stylesheet\" href=\"https:\/\/apply-marine.ru\/wp-content\/plugins\/elementor-pro\/assets\/css\/widget-loop-builder.min.css?ver=1721290660\">\t\t<div class=\"elementor-loop-container elementor-grid\">\n\t\t<style id=\"loop-1558\">.elementor-1558 .elementor-element.elementor-element-2f89e32{--display:flex;--min-height:350px;--flex-direction:column;--container-widget-width:100%;--container-widget-height:initial;--container-widget-flex-grow:0;--container-widget-align-self:initial;--flex-wrap-mobile:wrap;--justify-content:space-between;--background-transition:0.3s;--padding-top:15px;--padding-bottom:15px;--padding-left:15px;--padding-right:15px;}.elementor-1558 .elementor-element.elementor-element-2f89e32:not(.elementor-motion-effects-element-type-background), .elementor-1558 .elementor-element.elementor-element-2f89e32 > .elementor-motion-effects-container > .elementor-motion-effects-layer{background-color:#FFFFFF;}.elementor-1558 .elementor-element.elementor-element-2f89e32, .elementor-1558 .elementor-element.elementor-element-2f89e32::before{--border-transition:0.3s;}.elementor-1558 .elementor-element.elementor-element-92196c2{--display:flex;--background-transition:0.3s;--padding-top:0px;--padding-bottom:0px;--padding-left:0px;--padding-right:0px;}.elementor-1558 .elementor-element.elementor-element-fca27a8 .elementor-heading-title{font-weight:400;}.elementor-1558 .elementor-element.elementor-element-fca27a8 > .elementor-widget-container{padding:15px 0px 15px 0px;border-style:solid;border-width:1px 0px 0px 0px;border-color:#828282;}.elementor-1558 .elementor-element.elementor-element-98561c4 .elementor-button{font-family:\"Montserrat\", Sans-serif;font-weight:400;text-decoration:none;background-color:var( --e-global-color-primary );border-style:solid;border-width:1px 1px 1px 1px;padding:15px 30px 15px 30px;}.elementor-1558 .elementor-element.elementor-element-98561c4 .elementor-button:hover, .elementor-1558 .elementor-element.elementor-element-98561c4 .elementor-button:focus{color:var( --e-global-color-primary );background-color:#FFFFFF;border-color:var( --e-global-color-primary );}.elementor-1558 .elementor-element.elementor-element-98561c4 .elementor-button:hover svg, .elementor-1558 .elementor-element.elementor-element-98561c4 .elementor-button:focus svg{fill:var( --e-global-color-primary );}<\/style>\t\t<div data-elementor-type=\"loop-item\" data-elementor-id=\"1558\" class=\"elementor elementor-1558 e-loop-item e-loop-item-1998 post-1998 service type-service status-publish hentry for-dlja-kompanii\" data-elementor-post-type=\"elementor_library\" data-custom-edit-handle=\"1\">\n\t\t\t<div class=\"elementor-element elementor-element-2f89e32 e-flex e-con-boxed e-con e-parent\" data-id=\"2f89e32\" data-element_type=\"container\" data-settings=\"{&quot;background_background&quot;:&quot;classic&quot;}\">\n\t\t\t\t\t<div class=\"e-con-inner\">\n\t\t<div class=\"elementor-element elementor-element-92196c2 e-con-full e-flex e-con e-child\" data-id=\"92196c2\" data-element_type=\"container\">\n\t\t\t\t<div class=\"elementor-element elementor-element-fca27a8 elementor-widget elementor-widget-theme-post-title elementor-page-title elementor-widget-heading\" data-id=\"fca27a8\" data-element_type=\"widget\" data-widget_type=\"theme-post-title.default\">\n\t\t\t\t<div class=\"elementor-widget-container\">\n\t\t\t<style>\/*! elementor - v3.23.0 - 05-08-2024 *\/\n.elementor-heading-title{padding:0;margin:0;line-height:1}.elementor-widget-heading .elementor-heading-title[class*=elementor-size-]>a{color:inherit;font-size:inherit;line-height:inherit}.elementor-widget-heading .elementor-heading-title.elementor-size-small{font-size:15px}.elementor-widget-heading .elementor-heading-title.elementor-size-medium{font-size:19px}.elementor-widget-heading .elementor-heading-title.elementor-size-large{font-size:29px}.elementor-widget-heading .elementor-heading-title.elementor-size-xl{font-size:39px}.elementor-widget-heading .elementor-heading-title.elementor-size-xxl{font-size:59px}<\/style><h4 class=\"elementor-heading-title elementor-size-default\">Servicios de agencia<\/h4>\t\t<\/div>\n\t\t\t\t<\/div>\n\t\t\t\t<div class=\"elementor-element elementor-element-0ba2a78 elementor-widget elementor-widget-theme-post-excerpt\" data-id=\"0ba2a78\" data-element_type=\"widget\" data-widget_type=\"theme-post-excerpt.default\">\n\t\t\t\t<div class=\"elementor-widget-container\">\n\t\t\tAgencia y actividades jur\u00eddicas por cuenta y nombre del armador.\t\t<\/div>\n\t\t\t\t<\/div>\n\t\t\t\t<\/div>\n\t\t\t\t<div class=\"elementor-element elementor-element-98561c4 elementor-align-justify elementor-widget elementor-widget-button\" data-id=\"98561c4\" data-element_type=\"widget\" data-widget_type=\"button.default\">\n\t\t\t\t<div class=\"elementor-widget-container\">\n\t\t\t\t\t<div class=\"elementor-button-wrapper\">\n\t\t\t<a class=\"elementor-button elementor-button-link elementor-size-sm\" href=\"https:\/\/apply-marine.ru\/es\/service\/agentskie-uslugi\/\">\n\t\t\t\t\t\t<span class=\"elementor-button-content-wrapper\">\n\t\t\t\t\t\t\t\t\t<span class=\"elementor-button-text\">m\u00e1s detalles<\/span>\n\t\t\t\t\t<\/span>\n\t\t\t\t\t<\/a>\n\t\t<\/div>\n\t\t\t\t<\/div>\n\t\t\t\t<\/div>\n\t\t\t\t\t<\/div>\n\t\t\t\t<\/div>\n\t\t\t\t<\/div>\n\t\t\t\t<div data-elementor-type=\"loop-item\" data-elementor-id=\"1558\" class=\"elementor elementor-1558 e-loop-item e-loop-item-1997 post-1997 service type-service status-publish hentry for-dlja-kompanii\" data-elementor-post-type=\"elementor_library\" data-custom-edit-handle=\"1\">\n\t\t\t<div class=\"elementor-element elementor-element-2f89e32 e-flex e-con-boxed e-con e-parent\" data-id=\"2f89e32\" data-element_type=\"container\" data-settings=\"{&quot;background_background&quot;:&quot;classic&quot;}\">\n\t\t\t\t\t<div class=\"e-con-inner\">\n\t\t<div class=\"elementor-element elementor-element-92196c2 e-con-full e-flex e-con e-child\" data-id=\"92196c2\" data-element_type=\"container\">\n\t\t\t\t<div class=\"elementor-element elementor-element-fca27a8 elementor-widget elementor-widget-theme-post-title elementor-page-title elementor-widget-heading\" data-id=\"fca27a8\" data-element_type=\"widget\" data-widget_type=\"theme-post-title.default\">\n\t\t\t\t<div class=\"elementor-widget-container\">\n\t\t\t<h4 class=\"elementor-heading-title elementor-size-default\">Gesti\u00f3n<\/h4>\t\t<\/div>\n\t\t\t\t<\/div>\n\t\t\t\t<div class=\"elementor-element elementor-element-0ba2a78 elementor-widget elementor-widget-theme-post-excerpt\" data-id=\"0ba2a78\" data-element_type=\"widget\" data-widget_type=\"theme-post-excerpt.default\">\n\t\t\t\t<div class=\"elementor-widget-container\">\n\t\t\tNuestra empresa ofrece servicios de gesti\u00f3n integral para sus embarcaciones o empresas con informes peri\u00f3dicos detallados sobre cada objeto. Nuestros profesionales de la industria mar\u00edtima y offshore, as\u00ed como abogados y economistas, administrar\u00e1n sus instalaciones con las mejores tradiciones de la industria especializada. Los agentes y log\u00edsticos profesionales de OOO Apply Marine seleccionar\u00e1n la opci\u00f3n m\u00e1s rentable para la gesti\u00f3n, suministro y mantenimiento. \t\t<\/div>\n\t\t\t\t<\/div>\n\t\t\t\t<\/div>\n\t\t\t\t<div class=\"elementor-element elementor-element-98561c4 elementor-align-justify elementor-widget elementor-widget-button\" data-id=\"98561c4\" data-element_type=\"widget\" data-widget_type=\"button.default\">\n\t\t\t\t<div class=\"elementor-widget-container\">\n\t\t\t\t\t<div class=\"elementor-button-wrapper\">\n\t\t\t<a class=\"elementor-button elementor-button-link elementor-size-sm\" href=\"https:\/\/apply-marine.ru\/es\/service\/menedzhment\/\">\n\t\t\t\t\t\t<span class=\"elementor-button-content-wrapper\">\n\t\t\t\t\t\t\t\t\t<span class=\"elementor-button-text\">m\u00e1s detalles<\/span>\n\t\t\t\t\t<\/span>\n\t\t\t\t\t<\/a>\n\t\t<\/div>\n\t\t\t\t<\/div>\n\t\t\t\t<\/div>\n\t\t\t\t\t<\/div>\n\t\t\t\t<\/div>\n\t\t\t\t<\/div>\n\t\t\t\t<div data-elementor-type=\"loop-item\" data-elementor-id=\"1558\" class=\"elementor elementor-1558 e-loop-item e-loop-item-1529 post-1529 service type-service status-publish hentry category-for-applayer for-dlja-kompanii\" data-elementor-post-type=\"elementor_library\" data-custom-edit-handle=\"1\">\n\t\t\t<div class=\"elementor-element elementor-element-2f89e32 e-flex e-con-boxed e-con e-parent\" data-id=\"2f89e32\" data-element_type=\"container\" data-settings=\"{&quot;background_background&quot;:&quot;classic&quot;}\">\n\t\t\t\t\t<div class=\"e-con-inner\">\n\t\t<div class=\"elementor-element elementor-element-92196c2 e-con-full e-flex e-con e-child\" data-id=\"92196c2\" data-element_type=\"container\">\n\t\t\t\t<div class=\"elementor-element elementor-element-fca27a8 elementor-widget elementor-widget-theme-post-title elementor-page-title elementor-widget-heading\" data-id=\"fca27a8\" data-element_type=\"widget\" data-widget_type=\"theme-post-title.default\">\n\t\t\t\t<div class=\"elementor-widget-container\">\n\t\t\t<h4 class=\"elementor-heading-title elementor-size-default\">Selecci\u00f3n de tripulaci\u00f3n<\/h4>\t\t<\/div>\n\t\t\t\t<\/div>\n\t\t\t\t<div class=\"elementor-element elementor-element-0ba2a78 elementor-widget elementor-widget-theme-post-excerpt\" data-id=\"0ba2a78\" data-element_type=\"widget\" data-widget_type=\"theme-post-excerpt.default\">\n\t\t\t\t<div class=\"elementor-widget-container\">\n\t\t\tAtracci\u00f3n, b\u00fasqueda, selecci\u00f3n de personal mar\u00edtimo cualificado (tripulaci\u00f3n) para embarcaciones mar\u00edtimas\/fluviales seg\u00fan los requerimientos del armador.\t\t<\/div>\n\t\t\t\t<\/div>\n\t\t\t\t<\/div>\n\t\t\t\t<div class=\"elementor-element elementor-element-98561c4 elementor-align-justify elementor-widget elementor-widget-button\" data-id=\"98561c4\" data-element_type=\"widget\" data-widget_type=\"button.default\">\n\t\t\t\t<div class=\"elementor-widget-container\">\n\t\t\t\t\t<div class=\"elementor-button-wrapper\">\n\t\t\t<a class=\"elementor-button elementor-button-link elementor-size-sm\" href=\"https:\/\/apply-marine.ru\/es\/service\/podbor-jekipazha\/\">\n\t\t\t\t\t\t<span class=\"elementor-button-content-wrapper\">\n\t\t\t\t\t\t\t\t\t<span class=\"elementor-button-text\">m\u00e1s detalles<\/span>\n\t\t\t\t\t<\/span>\n\t\t\t\t\t<\/a>\n\t\t<\/div>\n\t\t\t\t<\/div>\n\t\t\t\t<\/div>\n\t\t\t\t\t<\/div>\n\t\t\t\t<\/div>\n\t\t\t\t<\/div>\n\t\t\t\t<div data-elementor-type=\"loop-item\" data-elementor-id=\"1558\" class=\"elementor elementor-1558 e-loop-item e-loop-item-1999 post-1999 service type-service status-publish hentry for-dlja-kompanii\" data-elementor-post-type=\"elementor_library\" data-custom-edit-handle=\"1\">\n\t\t\t<div class=\"elementor-element elementor-element-2f89e32 e-flex e-con-boxed e-con e-parent\" data-id=\"2f89e32\" data-element_type=\"container\" data-settings=\"{&quot;background_background&quot;:&quot;classic&quot;}\">\n\t\t\t\t\t<div class=\"e-con-inner\">\n\t\t<div class=\"elementor-element elementor-element-92196c2 e-con-full e-flex e-con e-child\" data-id=\"92196c2\" data-element_type=\"container\">\n\t\t\t\t<div class=\"elementor-element elementor-element-fca27a8 elementor-widget elementor-widget-theme-post-title elementor-page-title elementor-widget-heading\" data-id=\"fca27a8\" data-element_type=\"widget\" data-widget_type=\"theme-post-title.default\">\n\t\t\t\t<div class=\"elementor-widget-container\">\n\t\t\t<h4 class=\"elementor-heading-title elementor-size-default\">Suministrar<\/h4>\t\t<\/div>\n\t\t\t\t<\/div>\n\t\t\t\t<div class=\"elementor-element elementor-element-0ba2a78 elementor-widget elementor-widget-theme-post-excerpt\" data-id=\"0ba2a78\" data-element_type=\"widget\" data-widget_type=\"theme-post-excerpt.default\">\n\t\t\t\t<div class=\"elementor-widget-container\">\n\t\t\tProporcionar al buque los materiales y suministros necesarios para garantizar que est\u00e9 listo para completar el viaje. \t\t<\/div>\n\t\t\t\t<\/div>\n\t\t\t\t<\/div>\n\t\t\t\t<div class=\"elementor-element elementor-element-98561c4 elementor-align-justify elementor-widget elementor-widget-button\" data-id=\"98561c4\" data-element_type=\"widget\" data-widget_type=\"button.default\">\n\t\t\t\t<div class=\"elementor-widget-container\">\n\t\t\t\t\t<div class=\"elementor-button-wrapper\">\n\t\t\t<a class=\"elementor-button elementor-button-link elementor-size-sm\" href=\"https:\/\/apply-marine.ru\/es\/service\/snabzhenie\/\">\n\t\t\t\t\t\t<span class=\"elementor-button-content-wrapper\">\n\t\t\t\t\t\t\t\t\t<span class=\"elementor-button-text\">m\u00e1s detalles<\/span>\n\t\t\t\t\t<\/span>\n\t\t\t\t\t<\/a>\n\t\t<\/div>\n\t\t\t\t<\/div>\n\t\t\t\t<\/div>\n\t\t\t\t\t<\/div>\n\t\t\t\t<\/div>\n\t\t\t\t<\/div>\n\t\t\t\t<\/div>\n\t\t\n\t\t\t\t<\/div>\n\t\t\t\t<\/div>\n\t\t\t\t\t<\/div>\n\t\t\t\t<\/div>\n\t\t\t\t<\/div>","protected":false},"excerpt":{"rendered":"","protected":false},"author":1,"featured_media":0,"parent":0,"menu_order":0,"comment_status":"closed","ping_status":"closed","template":"","meta":{"footnotes":""},"class_list":["post-2630","page","type-page","status-publish","hentry"],"acf":[],"_links":{"self":[{"href":"https:\/\/apply-marine.ru\/es\/wp-json\/wp\/v2\/pages\/2630","targetHints":{"allow":["GET"]}}],"collection":[{"href":"https:\/\/apply-marine.ru\/es\/wp-json\/wp\/v2\/pages"}],"about":[{"href":"https:\/\/apply-marine.ru\/es\/wp-json\/wp\/v2\/types\/page"}],"author":[{"embeddable":true,"href":"https:\/\/apply-marine.ru\/es\/wp-json\/wp\/v2\/users\/1"}],"replies":[{"embeddable":true,"href":"https:\/\/apply-marine.ru\/es\/wp-json\/wp\/v2\/comments?post=2630"}],"version-history":[{"count":7,"href":"https:\/\/apply-marine.ru\/es\/wp-json\/wp\/v2\/pages\/2630\/revisions"}],"predecessor-version":[{"id":2664,"href":"https:\/\/apply-marine.ru\/es\/wp-json\/wp\/v2\/pages\/2630\/revisions\/2664"}],"wp:attachment":[{"href":"https:\/\/apply-marine.ru\/es\/wp-json\/wp\/v2\/media?parent=2630"}],"curies":[{"name":"wp","href":"https:\/\/api.w.org\/{rel}","templated":true}]}}